{"id":3,"date":"2025-06-14T12:49:09","date_gmt":"2025-06-14T12:49:09","guid":{"rendered":"https:\/\/kasemkids.com.tr\/?page_id=3"},"modified":"2025-06-19T09:29:15","modified_gmt":"2025-06-19T09:29:15","slug":"privacy-policy","status":"publish","type":"page","link":"https:\/\/kasemkids.com.tr\/index.php\/privacy-policy\/","title":{"rendered":"Gizlilik Politikas\u0131"},"content":{"rendered":"\n<h2 class=\"wp-block-heading\">Biz Kimiz<\/h2>\n\n\n\n<p>Bu web sitesi, Karaman merkezli <strong>Kasem \u00c7ocuk E\u011fitim Merkezi<\/strong>\u2019ne ait olup, alan ad\u0131 <strong><a class=\"\" href=\"https:\/\/kasemkids.com.tr\">https:\/\/kasemkids.com.tr<\/a><\/strong> \u00fczerinden hizmet vermektedir. Gizlili\u011finiz bizim i\u00e7in \u00f6nemlidir. Bu sayfada, web sitemizi kulland\u0131\u011f\u0131n\u0131zda hangi bilgilerin topland\u0131\u011f\u0131, nas\u0131l i\u015flendi\u011fi ve korundu\u011fu hakk\u0131nda sizi bilgilendirmek istiyoruz.<\/p>\n\n\n\n<h2 class=\"wp-block-heading\">Yorumlar<\/h2>\n\n\n\n<p>Ziyaret\u00e7iler sitemize yorum b\u0131rakt\u0131\u011f\u0131nda, spam tespiti amac\u0131yla yorum formundaki veriler, IP adresi ve taray\u0131c\u0131 bilgileri toplan\u0131r.<\/p>\n\n\n\n<p>E-posta adresinizden olu\u015fturulan anonimle\u015ftirilmi\u015f bir dize (hash), <strong>Gravatar<\/strong> servisine kullan\u0131c\u0131 olup olmad\u0131\u011f\u0131n\u0131z\u0131 kontrol etmek amac\u0131yla g\u00f6nderilebilir. Gravatar servisinin gizlilik politikas\u0131 i\u00e7in <a class=\"\" href=\"https:\/\/automattic.com\/privacy\/\">buraya<\/a> bakabilirsiniz. Yorumunuz onayland\u0131ktan sonra, profil foto\u011fraf\u0131n\u0131z yorum ba\u011flam\u0131nda herkese g\u00f6r\u00fcn\u00fcr olabilir.<\/p>\n\n\n\n<h2 class=\"wp-block-heading\">Medyalar<\/h2>\n\n\n\n<p>Sitemize g\u00f6rsel y\u00fckleyen kullan\u0131c\u0131lar, g\u00f6r\u00fcnt\u00fclere g\u00f6m\u00fcl\u00fc konum verisi (EXIF GPS) eklememelidir. Sitedeki g\u00f6rsellerden ziyaret\u00e7iler konum bilgisi \u00e7\u0131karabilir.<\/p>\n\n\n\n<h2 class=\"wp-block-heading\">\u00c7erezler<\/h2>\n\n\n\n<p>E\u011fer sitemize yorum b\u0131rak\u0131rsan\u0131z, ad\u0131n\u0131z, e-posta adresiniz ve web siteniz \u00e7erezlere kaydedilebilir. Bu bilgiler, ayn\u0131 bilgileri tekrar girmemeniz i\u00e7in kolayl\u0131k sa\u011flar ve \u00e7erezler bir y\u0131l boyunca saklan\u0131r.<\/p>\n\n\n\n<p>Giri\u015f sayfas\u0131n\u0131 ziyaret etti\u011finizde, taray\u0131c\u0131n\u0131z\u0131n \u00e7erez kabul edip etmedi\u011fini belirlemek i\u00e7in ge\u00e7ici bir \u00e7erez olu\u015fturulur. Bu \u00e7erez herhangi bir ki\u015fisel veri i\u00e7ermez ve taray\u0131c\u0131 kapat\u0131ld\u0131\u011f\u0131nda silinir.<\/p>\n\n\n\n<p>Oturum a\u00e7t\u0131\u011f\u0131n\u0131zda, giri\u015f bilgilerinizi ve ekran tercihlerinizle ilgili birka\u00e7 \u00e7erez daha olu\u015fturulur. Giri\u015f \u00e7erezleri iki g\u00fcn, ekran tercihleri \u00e7erezleri bir y\u0131l boyunca ge\u00e7erlidir. \u201cBeni Hat\u0131rla\u201d se\u00e7ene\u011fini i\u015faretlerseniz, oturumunuz iki hafta boyunca a\u00e7\u0131k kal\u0131r. Oturumu kapat\u0131rsan\u0131z giri\u015f \u00e7erezleri silinir.<\/p>\n\n\n\n<p>Bir yaz\u0131y\u0131 d\u00fczenlerseniz veya yay\u0131mlarsan\u0131z, taray\u0131c\u0131n\u0131za ek bir \u00e7erez kaydedilir. Bu \u00e7erez ki\u015fisel veri i\u00e7ermez, yaln\u0131zca d\u00fczenlenen yaz\u0131n\u0131n kimli\u011fini belirtir ve bir g\u00fcn sonra s\u00fcresi dolar.<\/p>\n\n\n\n<h2 class=\"wp-block-heading\">Di\u011fer websitelerine g\u00f6m\u00fcl\u00fc i\u00e7erikler<\/h2>\n\n\n\n<p>Bu sitedeki yaz\u0131lar, g\u00f6m\u00fcl\u00fc i\u00e7erikler (\u00f6rne\u011fin videolar, g\u00f6rseller, yaz\u0131lar vs.) i\u00e7erebilir. Di\u011fer sitelerden g\u00f6m\u00fclen i\u00e7erikler, ziyaret\u00e7i o di\u011fer siteyi ziyaret etmi\u015f gibi davran\u0131r.<\/p>\n\n\n\n<p>Bu siteler sizin hakk\u0131n\u0131zda veri toplayabilir, \u00e7erez kullanabilir, \u00fc\u00e7\u00fcnc\u00fc taraf izleme ara\u00e7lar\u0131 yerle\u015ftirebilir ve g\u00f6m\u00fcl\u00fc i\u00e7erikle etkile\u015fiminizi izleyebilir (hesab\u0131n\u0131z varsa ve o siteye giri\u015f yapt\u0131ysan\u0131z dahil).<\/p>\n\n\n\n<h2 class=\"wp-block-heading\">Verilerinizi kimlerle payla\u015f\u0131yoruz?<\/h2>\n\n\n\n<p>\u015eifre s\u0131f\u0131rlama talebinde bulunman\u0131z durumunda, s\u0131f\u0131rlama e-postas\u0131na IP adresiniz de dahil edilir.<\/p>\n\n\n\n<h2 class=\"wp-block-heading\">Verilerinizi Ne Kadar S\u00fcreyle Sakl\u0131yoruz?<\/h2>\n\n\n\n<p>Bir yorum b\u0131rak\u0131rsan\u0131z, yorum ve meta verileri s\u00fcresiz olarak saklan\u0131r. B\u00f6ylece sonraki yorumlar\u0131n\u0131z otomatik olarak tan\u0131nabilir ve onay i\u00e7in bekletilmez.<\/p>\n\n\n\n<p>Web sitemize kaydolan kullan\u0131c\u0131lar i\u00e7in (varsa), sa\u011flad\u0131klar\u0131 ki\u015fisel bilgiler kendi kullan\u0131c\u0131 profillerinde saklan\u0131r. T\u00fcm kullan\u0131c\u0131lar ki\u015fisel bilgilerini istedikleri zaman g\u00f6rebilir, d\u00fczenleyebilir veya silebilir (kullan\u0131c\u0131 adlar\u0131 hari\u00e7). Site y\u00f6neticileri de bu bilgileri g\u00f6r\u00fcnt\u00fcleyebilir ve d\u00fczenleyebilir.<\/p>\n\n\n\n<h2 class=\"wp-block-heading\">Verileriniz \u00dczerinde Hangi Haklara Sahipsiniz?<\/h2>\n\n\n\n<p>Sitemizde bir hesab\u0131n\u0131z varsa ya da yorum b\u0131rakt\u0131ysan\u0131z, sizinle ilgili elimizde bulunan ki\u015fisel verilerin d\u0131\u015fa aktar\u0131lm\u0131\u015f bir dosyas\u0131n\u0131 talep edebilirsiniz. Ayr\u0131ca elimizdeki ki\u015fisel verilerin silinmesini de talep edebilirsiniz. Bu, yasal, g\u00fcvenlik veya idari y\u00fck\u00fcml\u00fcl\u00fckler nedeniyle saklamam\u0131z gereken veriler i\u00e7in ge\u00e7erli de\u011fildir.<\/p>\n\n\n\n<h2 class=\"wp-block-heading\">Verileriniz Nereye G\u00f6nderiliyor?<\/h2>\n\n\n\n<p>Ziyaret\u00e7i yorumlar\u0131, otomatik bir spam tespit sistemi arac\u0131l\u0131\u011f\u0131yla kontrol edilebilir.<\/p>\n\n\n\n<p><strong>\u0130leti\u015fim<\/strong><\/p>\n\n\n\n<p>Gizlilik politikam\u0131zla ilgili her t\u00fcrl\u00fc soru, g\u00f6r\u00fc\u015f veya ba\u015fvuru i\u00e7in bizimle <strong><a>info@kasemkids.com.tr<\/a><\/strong> adresi \u00fczerinden ileti\u015fime ge\u00e7ebilirsiniz.<\/p>\n","protected":false},"excerpt":{"rendered":"<p>Biz Kimiz Bu web sitesi, Karaman merkezli Kasem \u00c7ocuk E\u011fitim Merkezi\u2019ne ait olup, alan ad\u0131 https:\/\/kasemkids.com.tr \u00fczerinden hizmet vermektedir. Gizlili\u011finiz bizim i\u00e7in \u00f6nemlidir. Bu sayfada, web sitemizi kulland\u0131\u011f\u0131n\u0131zda hangi bilgilerin topland\u0131\u011f\u0131, nas\u0131l i\u015flendi\u011fi ve korundu\u011fu hakk\u0131nda sizi bilgilendirmek istiyoruz. Yorumlar Ziyaret\u00e7iler sitemize yorum b\u0131rakt\u0131\u011f\u0131nda, spam tespiti amac\u0131yla yorum formundaki veriler, IP adresi ve taray\u0131c\u0131 bilgileri [&hellip;]<\/p>\n","protected":false},"author":1,"featured_media":0,"parent":0,"menu_order":0,"comment_status":"closed","ping_status":"closed","template":"","meta":{"_eb_attr":"","footnotes":""},"class_list":["post-3","page","type-page","status-publish","hentry"],"_links":{"self":[{"href":"https:\/\/kasemkids.com.tr\/index.php\/wp-json\/wp\/v2\/pages\/3","targetHints":{"allow":["GET"]}}],"collection":[{"href":"https:\/\/kasemkids.com.tr\/index.php\/wp-json\/wp\/v2\/pages"}],"about":[{"href":"https:\/\/kasemkids.com.tr\/index.php\/wp-json\/wp\/v2\/types\/page"}],"author":[{"embeddable":true,"href":"https:\/\/kasemkids.com.tr\/index.php\/wp-json\/wp\/v2\/users\/1"}],"replies":[{"embeddable":true,"href":"https:\/\/kasemkids.com.tr\/index.php\/wp-json\/wp\/v2\/comments?post=3"}],"version-history":[{"count":1,"href":"https:\/\/kasemkids.com.tr\/index.php\/wp-json\/wp\/v2\/pages\/3\/revisions"}],"predecessor-version":[{"id":116,"href":"https:\/\/kasemkids.com.tr\/index.php\/wp-json\/wp\/v2\/pages\/3\/revisions\/116"}],"wp:attachment":[{"href":"https:\/\/kasemkids.com.tr\/index.php\/wp-json\/wp\/v2\/media?parent=3"}],"curies":[{"name":"wp","href":"https:\/\/api.w.org\/{rel}","templated":true}]}}