{"id":67,"date":"2025-06-14T18:08:07","date_gmt":"2025-06-14T18:08:07","guid":{"rendered":"https:\/\/kasemkids.com.tr\/index.php\/contact\/"},"modified":"2025-07-05T11:30:35","modified_gmt":"2025-07-05T11:30:35","slug":"iletisim","status":"publish","type":"page","link":"https:\/\/kasemkids.com.tr\/index.php\/iletisim\/","title":{"rendered":"\u0130leti\u015fim"},"content":{"rendered":"\n<div class=\"guten-element guten-popup-builder guten-W4UBQz hide-tablet hide-mobile\" data-trigger=\"click\" data-anchor=\"search\" data-close-overlay=\"true\"><div class=\"guten-popup guten-popup-center guten-popup-side-space\"><div class=\"guten-popup-overlay\"><\/div><div class=\"guten-popup-wrapper guten-popup-wrapper-center\"><div class=\"guten-popup-content animated guten-element-hide fast desktop-fadeIn\"><div class=\"guten-popup-close\"><i class=\"fas fa-times\"><\/i><\/div><div class=\"guten-popup-container\">\n<div class=\"guten-element guten-popup-content-inner above\"><div class=\"guten-popup-content-wrapper\">\n<div class=\"section-wrapper\" data-id=\"TvP2Pr\"><section class=\"wp-block-gutenverse-section guten-element guten-section guten-TvP2Pr layout-fullwidth align-stretch\"><div class=\"guten-container guten-column-gap-default\">\n<div class=\"wp-block-gutenverse-column guten-element guten-column guten-cspggs\"><div class=\"guten-column-wrapper\" data-id=\"cspggs\">\n<div class=\"guten-element guten-XgiZKu guten-search\"><form class=\"gutenverse-search-form\"><div class=\"search-input-container-outer\"><div class=\"search-input-container\"><input type=\"text\" placeholder=\"Arama Yap\" name=\"s\" class=\"gutenverse-search gutenverse-search-input\"\/><div class=\"close-icon\"><i class=\"gtn gtn-x-line\"><\/i><\/div><\/div><\/div><div class=\"guten-search-button-wrapper\">\n<div class=\"guten-element guten-button-wrapper guten-NrJRf2\"><button class=\"guten-button guten-button-xs\" type=\"submit\"><i class=\"fa-lg gtn gtn-search11-light\"><\/i><span><\/span><\/button><\/div>\n<\/div><\/form><\/div>\n<\/div><\/div>\n<\/div><\/section><\/div>\n<\/div><\/div>\n\n\n\n<div class=\"guten-element guten-popup-content-inner bottom\"><div class=\"guten-popup-content-wrapper\"><\/div><\/div>\n<\/div><\/div><\/div><\/div><\/div>\n\n\n\n<div class=\"section-wrapper\" data-id=\"cj8C7b\"><section class=\"wp-block-gutenverse-section guten-element guten-section guten-cj8C7b layout-boxed align-stretch\"><div class=\"guten-container guten-column-gap-no\">\n<div class=\"wp-block-gutenverse-column guten-element guten-column guten-8kNNyp\"><div class=\"guten-column-wrapper\" data-id=\"8kNNyp\"><div class=\"wp-block-site-logo\"><a href=\"https:\/\/kasemkids.com.tr\/\" class=\"custom-logo-link\" rel=\"home\"><img loading=\"lazy\" decoding=\"async\" width=\"180\" height=\"41\" src=\"https:\/\/kasemkids.com.tr\/wp-content\/uploads\/2025\/07\/kasem-logo.png\" class=\"custom-logo\" alt=\"KasemKids\" srcset=\"https:\/\/kasemkids.com.tr\/wp-content\/uploads\/2025\/07\/kasem-logo.png 822w, https:\/\/kasemkids.com.tr\/wp-content\/uploads\/2025\/07\/kasem-logo-300x70.png 300w, https:\/\/kasemkids.com.tr\/wp-content\/uploads\/2025\/07\/kasem-logo-768x178.png 768w, https:\/\/kasemkids.com.tr\/wp-content\/uploads\/2025\/07\/kasem-logo-750x174.png 750w\" sizes=\"auto, (max-width: 180px) 100vw, 180px\" \/><\/a><\/div><\/div><\/div>\n\n\n\n<div class=\"wp-block-gutenverse-column guten-element guten-column guten-oAfmtQ\"><div class=\"guten-column-wrapper\" data-id=\"oAfmtQ\">\n<div class=\"wp-block-essential-blocks-advanced-navigation  root-eb-advanced-navigation-mcxi8\"><div class=\"eb-parent-wrapper eb-parent-eb-advanced-navigation-mcxi8 \"><div class=\"eb-advanced-navigation-mcxi8 eb-advanced-navigation-wrapper v2 is-horizontal preset-1 items-justified-left responsive-icon close-icon-right\"><div class=\"eb-nav-contents\"><nav class=\"is-responsive is-horizontal items-justified-left wp-block-navigation is-layout-flex wp-block-navigation-is-layout-flex\" aria-label=\"Navigation\" \n\t\t data-wp-interactive=\"core\/navigation\" data-wp-context='{\"overlayOpenedBy\":{\"click\":false,\"hover\":false,\"focus\":false},\"type\":\"overlay\",\"roleAttribute\":\"\",\"ariaLabel\":\"Men\\u00fc\"}'><button aria-haspopup=\"dialog\" aria-label=\"Men\u00fcy\u00fc a\u00e7\" class=\"wp-block-navigation__responsive-container-open\" \n\t\t\t\tdata-wp-on-async--click=\"actions.openMenuOnClick\"\n\t\t\t\tdata-wp-on--keydown=\"actions.handleMenuKeydown\"\n\t\t\t><svg width=\"24\" height=\"24\" xmlns=\"http:\/\/www.w3.org\/2000\/svg\" viewBox=\"0 0 24 24\" aria-hidden=\"true\" focusable=\"false\"><rect x=\"4\" y=\"7.5\" width=\"16\" height=\"1.5\" \/><rect x=\"4\" y=\"15\" width=\"16\" height=\"1.5\" \/><\/svg><\/button>\n\t\t\t\t<div class=\"wp-block-navigation__responsive-container\"  id=\"modal-1\" \n\t\t\t\tdata-wp-class--has-modal-open=\"state.isMenuOpen\"\n\t\t\t\tdata-wp-class--is-menu-open=\"state.isMenuOpen\"\n\t\t\t\tdata-wp-watch=\"callbacks.initMenu\"\n\t\t\t\tdata-wp-on--keydown=\"actions.handleMenuKeydown\"\n\t\t\t\tdata-wp-on-async--focusout=\"actions.handleMenuFocusout\"\n\t\t\t\ttabindex=\"-1\"\n\t\t\t>\n\t\t\t\t\t<div class=\"wp-block-navigation__responsive-close\" tabindex=\"-1\">\n\t\t\t\t\t\t<div class=\"wp-block-navigation__responsive-dialog\" \n\t\t\t\tdata-wp-bind--aria-modal=\"state.ariaModal\"\n\t\t\t\tdata-wp-bind--aria-label=\"state.ariaLabel\"\n\t\t\t\tdata-wp-bind--role=\"state.roleAttribute\"\n\t\t\t>\n\t\t\t\t\t\t\t<button aria-label=\"Men\u00fcy\u00fc kapat\" class=\"wp-block-navigation__responsive-container-close\" \n\t\t\t\tdata-wp-on-async--click=\"actions.closeMenuOnClick\"\n\t\t\t><svg xmlns=\"http:\/\/www.w3.org\/2000\/svg\" viewBox=\"0 0 24 24\" width=\"24\" height=\"24\" aria-hidden=\"true\" focusable=\"false\"><path d=\"m13.06 12 6.47-6.47-1.06-1.06L12 10.94 5.53 4.47 4.47 5.53 10.94 12l-6.47 6.47 1.06 1.06L12 13.06l6.47 6.47 1.06-1.06L13.06 12Z\"><\/path><\/svg><\/button>\n\t\t\t\t\t\t\t<div class=\"wp-block-navigation__responsive-container-content\" \n\t\t\t\tdata-wp-watch=\"callbacks.focusFirstElement\"\n\t\t\t id=\"modal-1-content\">\n\t\t\t\t\t\t\t\t<ul class=\"wp-block-navigation__container is-responsive is-horizontal items-justified-left wp-block-navigation\"><li class=\" wp-block-navigation-item wp-block-navigation-link\"><a class=\"wp-block-navigation-item__content\"  href=\"https:\/\/kasemkids.com.tr\/\"><span class=\"wp-block-navigation-item__label\">Anasayfa<\/span><\/a><\/li><li class=\" wp-block-navigation-item wp-block-navigation-link\"><a class=\"wp-block-navigation-item__content\"  href=\"https:\/\/kasemkids.com.tr\/index.php\/privacy-policy\/\"><span class=\"wp-block-navigation-item__label\">Hakk\u0131m\u0131zda<\/span><\/a><\/li><li class=\" wp-block-navigation-item wp-block-navigation-link\"><a class=\"wp-block-navigation-item__content\"  href=\"https:\/\/kasemkids.com.tr\/index.php\/hizmetler\/\"><span class=\"wp-block-navigation-item__label\">Hizmetlerimiz<\/span><\/a><\/li><li class=\" wp-block-navigation-item wp-block-navigation-link\"><a class=\"wp-block-navigation-item__content\"  href=\"https:\/\/kasemkids.com.tr\/index.php\/kaynaklar\/\"><span class=\"wp-block-navigation-item__label\">Kaynaklar<\/span><\/a><\/li><li class=\" wp-block-navigation-item wp-block-navigation-link\"><a class=\"wp-block-navigation-item__content\"  href=\"https:\/\/kasemkids.com.tr\/index.php\/iletisim\/\"><span class=\"wp-block-navigation-item__label\">\u0130leti\u015fim<\/span><\/a><\/li><\/ul>\n\t\t\t\t\t\t\t<\/div>\n\t\t\t\t\t\t<\/div>\n\t\t\t\t\t<\/div>\n\t\t\t\t<\/div><\/nav><\/div><\/div><\/div><\/div>\n<\/div><\/div>\n<\/div><\/section><\/div>\n\n\n\n<div class=\"section-wrapper\" data-id=\"86cUsM\"><section class=\"wp-block-gutenverse-section guten-element guten-section guten-86cUsM layout-boxed align-stretch\"><div class=\"guten-background-overlay\"><\/div><div class=\"guten-container guten-column-gap-no\"><\/div><\/section><\/div>\n\n\n\n<div class=\"section-wrapper\" data-id=\"2cw8B7\"><section class=\"wp-block-gutenverse-section guten-element guten-section guten-2cw8B7 layout-boxed align-stretch\"><div class=\"guten-container guten-column-gap-no\">\n<div class=\"wp-block-gutenverse-column guten-element guten-column guten-CWslS9\"><div class=\"guten-column-wrapper\" data-id=\"CWslS9\">\n<h3 class=\"wp-block-gutenverse-heading guten-element guten-1nxaIa\">Bize Yaz\u0131n<\/h3>\n\n\n\n<form style=\"display:none\" class=\"guten-element guten-form-builder guten-TZtAs1\" data-form-id=\"626\">\n<div class=\"section-wrapper\" data-id=\"m5JhHG\"><section class=\"wp-block-gutenverse-section guten-element guten-section guten-m5JhHG layout-fullwidth align-stretch\"><div class=\"guten-container guten-column-gap-no\">\n<div class=\"wp-block-gutenverse-column guten-element guten-column guten-fse2uS\"><div class=\"guten-column-wrapper\" data-id=\"fse2uS\">\n<div class=\"guten-element guten-form-input-text guten-form-input guten-input-position-top guten-3bX8Ol hide-label hide-helper\"><div class=\"label-wrapper\"><\/div><div class=\"main-wrapper\"><input data-validation=\"{&quot;type&quot;:&quot;text&quot;,&quot;required&quot;:false,&quot;validationType&quot;:&quot;none&quot;,&quot;validationWarning&quot;:&quot;Input Invalid&quot;}\" placeholder=\"Ad\u0131n\u0131z Soyad\u0131n\u0131z\" name=\"input-text-name\" class=\"gutenverse-input gutenverse-input-text\" type=\"text\"\/><div class=\"validation-error\">Input Invalid<\/div><\/div><\/div>\n<\/div><\/div>\n<\/div><\/section><\/div>\n\n\n\n<div class=\"section-wrapper\" data-id=\"JosKak\"><section class=\"wp-block-gutenverse-section guten-element guten-section guten-JosKak layout-fullwidth align-stretch\"><div class=\"guten-container guten-column-gap-no\">\n<div class=\"wp-block-gutenverse-column guten-element guten-column guten-t8xt11\"><div class=\"guten-column-wrapper\" data-id=\"t8xt11\">\n<div class=\"guten-element guten-form-input-email guten-form-input guten-input-position-top guten-oXyIca hide-label hide-helper\"><div class=\"label-wrapper\"><\/div><div class=\"main-wrapper\"><input data-validation=\"{&quot;type&quot;:&quot;email&quot;,&quot;required&quot;:false,&quot;validationType&quot;:&quot;none&quot;,&quot;validationWarning&quot;:&quot;Input Invalid&quot;}\" placeholder=\"E-Posta Adresiniz\" name=\"input-email\" class=\"gutenverse-input gutenverse-input-email\" type=\"email\"\/><div class=\"validation-error\">Input Invalid<\/div><\/div><\/div>\n<\/div><\/div>\n<\/div><\/section><\/div>\n\n\n\n<div class=\"section-wrapper\" data-id=\"5BgL7D\"><section class=\"wp-block-gutenverse-section guten-element guten-section guten-5BgL7D layout-fullwidth align-stretch\"><div class=\"guten-container guten-column-gap-no\">\n<div class=\"wp-block-gutenverse-column guten-element guten-column guten-5llGF6\"><div class=\"guten-column-wrapper\" data-id=\"5llGF6\">\n<div class=\"guten-element guten-form-input-text guten-form-input guten-input-position-top guten-pK01mc hide-label hide-helper\"><div class=\"label-wrapper\"><\/div><div class=\"main-wrapper\"><input data-validation=\"{&quot;type&quot;:&quot;text&quot;,&quot;required&quot;:false,&quot;validationType&quot;:&quot;none&quot;,&quot;validationWarning&quot;:&quot;Input Invalid&quot;}\" placeholder=\"Konu\" name=\"input-text-name\" class=\"gutenverse-input gutenverse-input-text\" type=\"text\"\/><div class=\"validation-error\">Input Invalid<\/div><\/div><\/div>\n<\/div><\/div>\n<\/div><\/section><\/div>\n\n\n\n<div class=\"guten-element guten-form-input-textarea guten-form-input guten-input-position-top guten-aM3jG3 hide-label hide-helper\"><div class=\"label-wrapper\"><\/div><div class=\"main-wrapper\"><textarea data-validation=\"{&quot;type&quot;:&quot;textarea&quot;,&quot;required&quot;:false,&quot;validationType&quot;:&quot;none&quot;,&quot;validationWarning&quot;:&quot;Input Invalid&quot;}\" placeholder=\"Mesaj\u0131n\u0131z\" name=\"input-textarea\" class=\"gutenverse-input gutenverse-input-text\"><\/textarea><div class=\"validation-error\">Input Invalid<\/div><\/div><\/div>\n\n\n\n<div class=\"guten-element guten-button-wrapper guten-submit-wrapper guten-8fxoMT\"><div class=\"form-notification\"><\/div><button class=\"guten-button gutenverse-input-submit guten-button-sm\" type=\"submit\"><span>Mesaj G\u00f6nder<\/span><\/button><div class=\"gutenverse-input-submit-loader\"><i class=\"fas fa-spinner fa-spin\"><\/i><\/div><\/div>\n<\/form>\n<\/div><\/div>\n\n\n\n<div class=\"wp-block-gutenverse-column guten-element guten-column guten-tCwytO\"><div class=\"guten-column-wrapper\" data-id=\"tCwytO\">\n<h2 class=\"wp-block-gutenverse-heading guten-element guten-3kS4kk\">Bize Ula\u015f\u0131n<\/h2>\n\n\n\n<div class=\"guten-element gutenverse-text-editor guten-bwmK4G\"><div class=\"text-content-inner\">\n<p>Her t\u00fcrl\u00fc g\u00f6r\u00fc\u015f, \u00f6neri ve talebinizde bize ula\u015fabilirsiniz!<\/p>\n<\/div><\/div>\n\n\n\n<div class=\"section-wrapper\" data-id=\"7z09Io\"><section class=\"wp-block-gutenverse-section guten-element guten-section guten-7z09Io layout-boxed align-stretch\"><div class=\"guten-container guten-column-gap-no\">\n<div class=\"wp-block-gutenverse-column guten-element guten-column guten-Ol0DVU\"><div class=\"guten-column-wrapper\" data-id=\"Ol0DVU\">\n<div class=\"guten-element guten-7MwyZd guten-icon-box icon-position-left\"><div class=\"guten-icon-box-wrapper hover-from-left\"><div class=\"icon-box icon-box-header\"><div class=\"icon bg-style-color\"><i class=\"gtn gtn-apartment-light icon-style-color\"><\/i><\/div><\/div><div class=\"icon-box icon-box-body\"><h4 class=\"title\">Adresimiz<\/h4><p class=\"icon-box-description\">Hamidiye Mah. 1969. Sok. 39\/B Karaman<\/p><\/div><\/div><\/div>\n<\/div><\/div>\n\n\n\n<div class=\"wp-block-gutenverse-column guten-element guten-column guten-ry5osU\"><div class=\"guten-column-wrapper\" data-id=\"ry5osU\">\n<div class=\"guten-element guten-nQqKlc guten-icon-box icon-position-left\"><div class=\"guten-icon-box-wrapper hover-from-left\"><div class=\"icon-box icon-box-header\"><div class=\"icon bg-style-color\"><i class=\"gtn gtn-clock11-light icon-style-color\"><\/i><\/div><\/div><div class=\"icon-box icon-box-body\"><h4 class=\"title\">\u00c7al\u0131\u015fma G\u00fcnlerimiz<\/h4><p class=\"icon-box-description\">Herg\u00fcn : 10:00 &#8211; 20:00<\/p><\/div><\/div><\/div>\n<\/div><\/div>\n<\/div><\/section><\/div>\n\n\n\n<div class=\"section-wrapper\" data-id=\"k5uquA\"><section class=\"wp-block-gutenverse-section guten-element guten-section guten-k5uquA layout-boxed align-stretch\"><div class=\"guten-container guten-column-gap-no\">\n<div class=\"wp-block-gutenverse-column guten-element guten-column guten-lQPNC0\"><div class=\"guten-column-wrapper\" data-id=\"lQPNC0\">\n<div class=\"guten-element guten-HE6K3N guten-icon-box icon-position-left\"><div class=\"guten-icon-box-wrapper hover-from-left\"><div class=\"icon-box icon-box-header\"><div class=\"icon bg-style-color\"><i class=\"gtn gtn-phone1-light icon-style-color\"><\/i><\/div><\/div><div class=\"icon-box icon-box-body\"><h3 class=\"title\">Telefonumuz<\/h3><p class=\"icon-box-description\"><a href=\"tel:+905073301184\" data-type=\"tel\" data-id=\"tel:+905073301184\">+905073301184<\/a><\/p><\/div><\/div><\/div>\n<\/div><\/div>\n\n\n\n<div class=\"wp-block-gutenverse-column guten-element guten-column guten-47yyzn\"><div class=\"guten-column-wrapper\" data-id=\"47yyzn\">\n<div class=\"guten-element guten-TTPwcH guten-icon-box icon-position-left\"><div class=\"guten-icon-box-wrapper hover-from-left\"><div class=\"icon-box icon-box-header\"><div class=\"icon bg-style-color\"><i class=\"gtn gtn-envelope2-light icon-style-color\"><\/i><\/div><\/div><div class=\"icon-box icon-box-body\"><h3 class=\"title\">E-Posta Adresimiz<\/h3><p class=\"icon-box-description\"><a href=\"mailto:bilgi@kasemkids.com.tr\">bilgi@kasemkids.com.tr<\/a><\/p><\/div><\/div><\/div>\n<\/div><\/div>\n<\/div><\/section><\/div>\n\n\n\n<div class=\"wp-block-gutenverse-divider guten-element guten-divider guten-Xa0Gei\"><div class=\"guten-divider-wrapper\"><div class=\"guten-divider-default guten-divider-line guten-divider-regular\"><\/div><\/div><\/div>\n\n\n\n<h3 class=\"wp-block-gutenverse-heading guten-element guten-3lnpuw\">Sosyal Medya Hesaplar\u0131m\u0131z<\/h3>\n\n\n\n<div class=\"guten-element guten-social-icons guten-zYpKxB rounded horizontal custom\">\n<div class=\"guten-element guten-social-icon guten-Sbs451 whatsapp\"><a id=\"guten-Sbs451\" href=\"#\"><i class=\"gtn gtn-whatsapp-1-light\"><\/i><\/a><\/div>\n\n\n\n<div class=\"guten-element guten-social-icon guten-A1jgck facebook\"><a id=\"guten-A1jgck\" href=\"#\"><i class=\"fab fa-facebook-f\"><\/i><\/a><\/div>\n\n\n\n<div class=\"guten-element guten-social-icon guten-G2mcYU twitter\"><a id=\"guten-G2mcYU\" href=\"#\"><i class=\"fab fa-x-twitter\"><\/i><\/a><\/div>\n\n\n\n<div class=\"guten-element guten-social-icon guten-CW7vra instagram\"><a id=\"guten-CW7vra\" href=\"#\"><i class=\"gtn gtn-instagram-1-light\"><\/i><\/a><\/div>\n\n\n\n<div class=\"guten-element guten-social-icon guten-zS4PnV youtube\"><a id=\"guten-zS4PnV\" href=\"#\"><i class=\"fab fa-youtube\"><\/i><\/a><\/div>\n<\/div>\n<\/div><\/div>\n<\/div><\/section><\/div>\n\n\n\n<div class=\"section-wrapper\" data-id=\"HrmcEJ\"><section class=\"wp-block-gutenverse-section guten-element guten-section guten-HrmcEJ layout-boxed align-stretch\"><div class=\"guten-container guten-column-gap-no\">\n<div class=\"wp-block-gutenverse-column guten-element guten-column guten-q3lgRr\"><div class=\"guten-column-wrapper\" data-id=\"q3lgRr\">\n<div class=\"guten-element gutenverse-maps guten-oGEFfX\"><iframe frameborder=\"0\" scrolling=\"no\" marginheight=\"0\" marginwidth=\"0\" src=\"https:\/\/maps.google.com\/maps?q=KASEM%20SPOR%20KUL%C3%9CB%C3%9C%2CHamidiye%2C%2070100%20Karaman%20Merkez%2FKaraman&amp;z=17&amp;t=m&amp;output=embed&amp;iwloc=near\" title=\"KASEM SPOR KUL\u00dcB\u00dc,Hamidiye, 70100 Karaman Merkez\/Karaman\"><\/iframe><\/div>\n<\/div><\/div>\n<\/div><\/section><\/div>\n\n\n\n<div class=\"section-wrapper\" data-id=\"xA7524\"><section class=\"wp-block-gutenverse-section guten-element guten-section guten-xA7524 layout-boxed align-stretch\"><div class=\"guten-background-overlay\"><\/div><div class=\"guten-container guten-column-gap-no\">\n<div class=\"wp-block-gutenverse-column guten-element guten-column guten-L1TaRj\"><div class=\"guten-column-wrapper\" data-id=\"L1TaRj\">\n<div class=\"section-wrapper\" data-id=\"RCrShE\"><section class=\"wp-block-gutenverse-section guten-element guten-section guten-RCrShE layout-fullwidth align-stretch\"><div class=\"guten-container guten-column-gap-no\">\n<div class=\"wp-block-gutenverse-column guten-element guten-column guten-hqMCnn\"><div class=\"guten-column-wrapper\" data-id=\"hqMCnn\">\n<div class=\"wp-block-gutenverse-image guten-element guten-image guten-zVB0ez\"><div class=\"guten-image-wrapper\"><img loading=\"lazy\" decoding=\"async\" class=\"gutenverse-image-box-filled\" src=\"https:\/\/kasemkids.com.tr\/wp-content\/uploads\/2025\/06\/kasem-logo-web-white.png\" height=\"560\" width=\"2424\"\/><\/div><\/div>\n\n\n\n<div class=\"guten-element guten-social-icons guten-ber9c3 rounded horizontal fill\">\n<div class=\"guten-element guten-social-icon guten-275LBq facebook\"><a id=\"guten-275LBq\" href=\"#\"><i class=\"fab fa-facebook-f\"><\/i><\/a><\/div>\n\n\n\n<div class=\"guten-element guten-social-icon guten-EY8T42 twitter\"><a id=\"guten-EY8T42\" href=\"#\"><i class=\"fab fa-x-twitter\"><\/i><\/a><\/div>\n\n\n\n<div class=\"guten-element guten-social-icon guten-6zb8q5 instagram\"><a id=\"guten-6zb8q5\" href=\"#\"><i class=\"fab fa-instagram\"><\/i><\/a><\/div>\n\n\n\n<div class=\"guten-element guten-social-icon guten-y86e05 youtube\"><a id=\"guten-y86e05\" href=\"#\"><i class=\"fab fa-youtube\"><\/i><\/a><\/div>\n<\/div>\n<\/div><\/div>\n\n\n\n<div class=\"wp-block-gutenverse-column guten-element guten-column guten-pqrj48\"><div class=\"guten-column-wrapper\" data-id=\"pqrj48\">\n<h4 class=\"wp-block-gutenverse-heading guten-element guten-viOsXM\">H\u0131zl\u0131 Ba\u011flant\u0131<\/h4>\n\n\n\n<div class=\"guten-element guten-icon-list guten-N9To90\"><div class=\" list-wrapper \">\n<div class=\"guten-element guten-icon-list-item guten-Aed3ka\"><div class=\"list-divider\"><\/div><a id=\"guten-Aed3ka\" href=\"#\"><i class=\"fas fa-chevron-right\"><\/i><span class=\"list-text \">Kurumsal<\/span><\/a><\/div>\n\n\n\n<div class=\"guten-element guten-icon-list-item guten-CTQSHh\"><div class=\"list-divider\"><\/div><a id=\"guten-CTQSHh\" href=\"#\"><i class=\"fas fa-chevron-right\"><\/i><span class=\"list-text \">Hizmetlerimiz<\/span><\/a><\/div>\n\n\n\n<div class=\"guten-element guten-icon-list-item guten-zgzSnQ\"><div class=\"list-divider\"><\/div><a id=\"guten-zgzSnQ\" href=\"#\"><i class=\"fas fa-chevron-right\"><\/i><span class=\"list-text \">Ekibimiz<\/span><\/a><\/div>\n\n\n\n<div class=\"guten-element guten-icon-list-item guten-Ulbydf\"><div class=\"list-divider\"><\/div><a id=\"guten-Ulbydf\" href=\"#\"><i class=\"fas fa-chevron-right\"><\/i><span class=\"list-text \">\u0130leti\u015fim<\/span><\/a><\/div>\n\n\n\n<div class=\"guten-element guten-icon-list-item guten-Qk15bj\"><div class=\"list-divider\"><\/div><a id=\"guten-Qk15bj\" href=\"#\"><i class=\"fas fa-chevron-right\"><\/i><span class=\"list-text \">Kaynaklar<\/span><\/a><\/div>\n<\/div><\/div>\n<\/div><\/div>\n\n\n\n<div class=\"wp-block-gutenverse-column guten-element guten-column guten-yyJzyy\"><div class=\"guten-column-wrapper\" data-id=\"yyJzyy\">\n<h3 class=\"wp-block-gutenverse-heading guten-element guten-grJYg6\">Formlar \/ S\u00f6zle\u015fmeler <\/h3>\n\n\n\n<div class=\"guten-element guten-icon-list guten-k4zCd2\"><div class=\" list-wrapper \">\n<div class=\"guten-element guten-icon-list-item guten-9E67Ba\"><div class=\"list-divider\"><\/div><a id=\"guten-9E67Ba\" href=\"#\"><i class=\"fas fa-map-pin\"><\/i><span class=\"list-text \">Gizlilik Politikas\u0131<\/span><\/a><\/div>\n\n\n\n<div class=\"guten-element guten-icon-list-item guten-RnPHK7\"><div class=\"list-divider\"><\/div><a id=\"guten-RnPHK7\" href=\"#\"><i class=\"fas fa-phone\"><\/i><span class=\"list-text \">\u015eartlar ve Ko\u015fullar<\/span><\/a><\/div>\n\n\n\n<div class=\"guten-element guten-icon-list-item guten-dtRQo3\"><div class=\"list-divider\"><\/div><a id=\"guten-dtRQo3\" href=\"#\"><i class=\"fas fa-envelope\"><\/i><span class=\"list-text \">\u015eehrinde KASEM Olsun!<\/span><\/a><\/div>\n\n\n\n<div class=\"guten-element guten-icon-list-item guten-RO7nHh\"><div class=\"list-divider\"><\/div><a id=\"guten-RO7nHh\" href=\"#\"><i class=\"fas fa-clock\"><\/i><span class=\"list-text \">Destek<\/span><\/a><\/div>\n\n\n\n<div class=\"guten-element guten-icon-list-item guten-3guGGC\"><div class=\"list-divider\"><\/div><a id=\"guten-3guGGC\" href=\"#\"><i class=\"fas fa-clock\"><\/i><span class=\"list-text \">S\u0131k\u00e7a Sorulan Sorular<\/span><\/a><\/div>\n<\/div><\/div>\n<\/div><\/div>\n\n\n\n<div class=\"wp-block-gutenverse-column guten-element guten-column guten-bbHrZW\"><div class=\"guten-column-wrapper\" data-id=\"bbHrZW\">\n<h3 class=\"wp-block-gutenverse-heading guten-element guten-46LoO7\">B\u00fcltenimizi Takip Edin!<\/h3>\n\n\n\n<div class=\"guten-element gutenverse-text-editor guten-kyz0b9\"><div class=\"text-content-inner\">\n<p>Siz de Kasem Ekibinin haz\u0131rlam\u0131\u015f oldu\u011fu d\u00fczenli i\u00e7eriklere ve bilgilere ula\u015fmak istiyorsan\u0131z, <\/p>\n\n\n\n<p>B\u00fcltenimizi Takip Edin!<\/p>\n<\/div><\/div>\n\n\n\n<div class=\"section-wrapper\" data-id=\"dibZ1I\"><section class=\"wp-block-gutenverse-section guten-element guten-section guten-dibZ1I layout-boxed align-stretch\"><div class=\"guten-container guten-column-gap-no\">\n<div class=\"wp-block-gutenverse-column guten-element guten-column guten-MMIVgP\"><div class=\"guten-column-wrapper\" data-id=\"MMIVgP\">\n<form style=\"display:none\" class=\"guten-element guten-form-builder guten-Nl62tD\" data-form-id=\"166\">\n<div class=\"guten-element guten-wrap-helper no-margin guten-6akI12 flex\"><div class=\"guten-inner-wrap\" data-id=\"6akI12\">\n<div class=\"guten-element guten-form-input-email guten-form-input guten-input-position-top guten-LtgBNV hide-label hide-helper\"><div class=\"label-wrapper\"><\/div><div class=\"main-wrapper\"><input data-validation=\"{&quot;type&quot;:&quot;email&quot;,&quot;required&quot;:false,&quot;validationType&quot;:&quot;none&quot;,&quot;validationWarning&quot;:&quot;Input Invalid&quot;}\" placeholder=\"E-Posta Adresinizi Giriniz\" name=\"input-email\" class=\"gutenverse-input gutenverse-input-email\" type=\"email\"\/><div class=\"validation-error\">Input Invalid<\/div><\/div><\/div>\n\n\n\n<div class=\"guten-element guten-button-wrapper guten-submit-wrapper guten-hnmO1K\"><div class=\"form-notification\"><\/div><button class=\"guten-button gutenverse-input-submit guten-button-sm\" type=\"submit\"><span>B\u00fcltene Kat\u0131l<\/span><\/button><div class=\"gutenverse-input-submit-loader\"><i class=\"fas fa-spinner fa-spin\"><\/i><\/div><\/div>\n<\/div><\/div>\n<\/form>\n<\/div><\/div>\n<\/div><\/section><\/div>\n<\/div><\/div>\n<\/div><\/section><\/div>\n\n\n\n<div class=\"section-wrapper\" data-id=\"XT0ZFV\"><section class=\"wp-block-gutenverse-section guten-element guten-section guten-XT0ZFV layout-fullwidth align-stretch\"><div class=\"guten-container guten-column-gap-no\">\n<div class=\"wp-block-gutenverse-column guten-element guten-column guten-dzDa85\"><div class=\"guten-column-wrapper\" data-id=\"dzDa85\">\n<div class=\"guten-element gutenverse-text-editor guten-XCKXZB\"><div class=\"text-content-inner\">\n<p>Copyright \u00a9 2025. All Rights Reserved. <a href=\"http:\/\/www.innokar.com\" data-type=\"link\" data-id=\"www.innokar.com\">\u0130nnokar Bili\u015fim<\/a><\/p>\n<\/div><\/div>\n<\/div><\/div>\n<\/div><\/section><\/div>\n<\/div><\/div>\n<\/div><\/section><\/div>\n","protected":false},"excerpt":{"rendered":"","protected":false},"author":1,"featured_media":0,"parent":0,"menu_order":0,"comment_status":"closed","ping_status":"closed","template":"blank-canvas","meta":{"_eb_attr":"","footnotes":""},"class_list":["post-67","page","type-page","status-publish","hentry"],"_links":{"self":[{"href":"https:\/\/kasemkids.com.tr\/index.php\/wp-json\/wp\/v2\/pages\/67","targetHints":{"allow":["GET"]}}],"collection":[{"href":"https:\/\/kasemkids.com.tr\/index.php\/wp-json\/wp\/v2\/pages"}],"about":[{"href":"https:\/\/kasemkids.com.tr\/index.php\/wp-json\/wp\/v2\/types\/page"}],"author":[{"embeddable":true,"href":"https:\/\/kasemkids.com.tr\/index.php\/wp-json\/wp\/v2\/users\/1"}],"replies":[{"embeddable":true,"href":"https:\/\/kasemkids.com.tr\/index.php\/wp-json\/wp\/v2\/comments?post=67"}],"version-history":[{"count":5,"href":"https:\/\/kasemkids.com.tr\/index.php\/wp-json\/wp\/v2\/pages\/67\/revisions"}],"predecessor-version":[{"id":203,"href":"https:\/\/kasemkids.com.tr\/index.php\/wp-json\/wp\/v2\/pages\/67\/revisions\/203"}],"wp:attachment":[{"href":"https:\/\/kasemkids.com.tr\/index.php\/wp-json\/wp\/v2\/media?parent=67"}],"curies":[{"name":"wp","href":"https:\/\/api.w.org\/{rel}","templated":true}]}}